{"id":89,"date":"2017-01-26T15:09:40","date_gmt":"2017-01-26T14:09:40","guid":{"rendered":"http:\/\/wp12759690.server-he.de\/en\/?page_id=89"},"modified":"2017-04-05T16:33:25","modified_gmt":"2017-04-05T14:33:25","slug":"video","status":"publish","type":"page","link":"https:\/\/www.interhelp.info\/en\/video\/","title":{"rendered":"Video"},"content":{"rendered":"<p>[et_pb_section admin_label=&#8220;section&#8220;][et_pb_row admin_label=&#8220;Zeile&#8220;][et_pb_column type=&#8220;4_4&#8243;][et_pb_text admin_label=&#8220;Text&#8220; background_layout=&#8220;light&#8220; text_orientation=&#8220;left&#8220; use_border_color=&#8220;off&#8220; border_color=&#8220;#ffffff&#8220; border_style=&#8220;solid&#8220;]<\/p>\n<h1>Video<\/h1>\n<p>[\/et_pb_text][\/et_pb_column][\/et_pb_row][et_pb_row admin_label=&#8220;Zeile&#8220;][et_pb_column type=&#8220;1_2&#8243;][et_pb_video admin_label=&#8220;Irpin TV Video&#8220; src=&#8220;https:\/\/youtu.be\/0Wb5NhV1nJ0&#8243; \/][et_pb_text admin_label=&#8220;Text&#8220; background_layout=&#8220;light&#8220; text_orientation=&#8220;left&#8220; use_border_color=&#8220;off&#8220; border_color=&#8220;#ffffff&#8220; border_style=&#8220;solid&#8220;]<\/p>\n<p>IRPIN TV<\/p>\n<p>[\/et_pb_text][\/et_pb_column][et_pb_column type=&#8220;1_2&#8243;][et_pb_video admin_label=&#8220;Pravda TUT Video&#8220; src=&#8220;https:\/\/youtu.be\/zGnoKw2SPjY&#8220; \/][et_pb_text admin_label=&#8220;Text&#8220; background_layout=&#8220;light&#8220; text_orientation=&#8220;left&#8220; use_border_color=&#8220;off&#8220; border_color=&#8220;#ffffff&#8220; border_style=&#8220;solid&#8220;]<\/p>\n<p>Pravda TUT<\/p>\n<p>[\/et_pb_text][\/et_pb_column][\/et_pb_row][et_pb_row admin_label=&#8220;Zeile&#8220; make_fullwidth=&#8220;off&#8220; use_custom_width=&#8220;off&#8220; width_unit=&#8220;on&#8220; use_custom_gutter=&#8220;off&#8220; disabled=&#8220;on&#8220; disabled_on=&#8220;on|on|on&#8220; allow_player_pause=&#8220;off&#8220; parallax=&#8220;off&#8220; parallax_method=&#8220;off&#8220; make_equal=&#8220;off&#8220; parallax_1=&#8220;off&#8220; parallax_method_1=&#8220;off&#8220; parallax_2=&#8220;off&#8220; parallax_method_2=&#8220;off&#8220; parallax_3=&#8220;off&#8220; parallax_method_3=&#8220;off&#8220;][et_pb_column type=&#8220;1_3&#8243;][et_pb_text admin_label=&#8220;Text&#8220; background_layout=&#8220;light&#8220; text_orientation=&#8220;left&#8220; use_border_color=&#8220;off&#8220; border_color=&#8220;#ffffff&#8220; border_style=&#8220;solid&#8220;]<\/p>\n<p>Menschenhandel &#8211; Politiker auf Ursachensuche<\/p>\n<p>[\/et_pb_text][et_pb_video admin_label=&#8220;Menschenhandel &#8211; Politiker auf Ursachensuche&#8220; src=&#8220;\/wp-content\/uploads\/videos\/TV-20160501-1950-1600hq.mp4&#8243;] [\/et_pb_video][\/et_pb_column][et_pb_column type=&#8220;1_3&#8243;][et_pb_text admin_label=&#8220;Text&#8220; background_layout=&#8220;light&#8220; text_orientation=&#8220;left&#8220; use_border_color=&#8220;off&#8220; border_color=&#8220;#ffffff&#8220; border_style=&#8220;solid&#8220;]<\/p>\n<p>F\u00fcrst zu Schaumburg-Lippe berichtet von Charity-Reise nach Sri Lanka<\/p>\n<p>[\/et_pb_text][et_pb_video admin_label=&#8220;F\u00fcrst zu Schaumburg-Lippe berichtet von Charity-Reise nach Sri Lanka&#8220; src=&#8220;\/wp-content\/uploads\/videos\/Fuerst_Alexander_Sri_Lanka.mp4&#8243;] [\/et_pb_video][\/et_pb_column][et_pb_column type=&#8220;1_3&#8243;][et_pb_text admin_label=&#8220;Text&#8220; background_layout=&#8220;light&#8220; text_orientation=&#8220;left&#8220; use_border_color=&#8220;off&#8220; border_color=&#8220;#ffffff&#8220; border_style=&#8220;solid&#8220;]<\/p>\n<p>&#8222;Mission der Menschlichkeit&#8220;: Ehrenamtliche \u00c4rzte behandeln Migranten<\/p>\n<p>[\/et_pb_text][et_pb_video admin_label=&#8220;%22Mission der Menschlichkeit%22: Ehrenamtliche \u00c4rzte behandeln Migranten&#8220; src=&#8220;\/wp-content\/uploads\/videos\/Aerzte_fuer_Migranten.mp4&#8243;] [\/et_pb_video][\/et_pb_column][\/et_pb_row][et_pb_row admin_label=&#8220;Zeile&#8220; make_fullwidth=&#8220;off&#8220; use_custom_width=&#8220;off&#8220; width_unit=&#8220;on&#8220; use_custom_gutter=&#8220;off&#8220; disabled=&#8220;on&#8220; disabled_on=&#8220;on|on|on&#8220; allow_player_pause=&#8220;off&#8220; parallax=&#8220;off&#8220; parallax_method=&#8220;off&#8220; make_equal=&#8220;off&#8220; parallax_1=&#8220;off&#8220; parallax_method_1=&#8220;off&#8220; parallax_2=&#8220;off&#8220; parallax_method_2=&#8220;off&#8220; parallax_3=&#8220;off&#8220; parallax_method_3=&#8220;off&#8220;][et_pb_column type=&#8220;1_3&#8243;][et_pb_text admin_label=&#8220;Text&#8220; background_layout=&#8220;light&#8220; text_orientation=&#8220;left&#8220; use_border_color=&#8220;off&#8220; border_color=&#8220;#ffffff&#8220; border_style=&#8220;solid&#8220;]<\/p>\n<p>F\u00fcrst Alexander zu Schaumburg-Lippe als Schirmherr von Interhelp<\/p>\n<p>[\/et_pb_text][et_pb_video admin_label=&#8220;F\u00fcrst Alexander zu Schaumburg-Lippe als Schirmherr von Interhelp&#8220; src=&#8220;\/wp-content\/uploads\/videos\/schirmherr_von_interhelp.mp4&#8243;] [\/et_pb_video][\/et_pb_column][et_pb_column type=&#8220;1_3&#8243;][et_pb_text admin_label=&#8220;Text&#8220; background_layout=&#8220;light&#8220; text_orientation=&#8220;left&#8220; use_border_color=&#8220;off&#8220; border_color=&#8220;#ffffff&#8220; border_style=&#8220;solid&#8220;]<\/p>\n<p>Hilfe aus Hameln<\/p>\n<p>[\/et_pb_text][et_pb_video admin_label=&#8220;Hilfe aus Hameln&#8220; src=&#8220;\/wp-content\/uploads\/videos\/hilfe_hameln.mp4&#8243;] [\/et_pb_video][\/et_pb_column][et_pb_column type=&#8220;1_3&#8243;][et_pb_text admin_label=&#8220;Text&#8220; background_layout=&#8220;light&#8220; text_orientation=&#8220;left&#8220; use_border_color=&#8220;off&#8220; border_color=&#8220;#ffffff&#8220; border_style=&#8220;solid&#8220;]<\/p>\n<p>725-j\u00e4hriges Jubil\u00e4um<\/p>\n<p>[\/et_pb_text][et_pb_video admin_label=&#8220;725-j\u00e4hriges Jubil\u00e4um&#8220; src=&#8220;\/wp-content\/uploads\/videos\/rattenkids.mp4&#8243;] [\/et_pb_video][\/et_pb_column][\/et_pb_row][et_pb_row admin_label=&#8220;Zeile&#8220; make_fullwidth=&#8220;off&#8220; use_custom_width=&#8220;off&#8220; width_unit=&#8220;on&#8220; use_custom_gutter=&#8220;off&#8220; disabled=&#8220;on&#8220; disabled_on=&#8220;on|on|on&#8220; allow_player_pause=&#8220;off&#8220; parallax=&#8220;off&#8220; parallax_method=&#8220;off&#8220; make_equal=&#8220;off&#8220; parallax_1=&#8220;off&#8220; parallax_method_1=&#8220;off&#8220; parallax_2=&#8220;off&#8220; parallax_method_2=&#8220;off&#8220; parallax_3=&#8220;off&#8220; parallax_method_3=&#8220;off&#8220;][et_pb_column type=&#8220;1_3&#8243;][et_pb_text admin_label=&#8220;Text&#8220; background_layout=&#8220;light&#8220; text_orientation=&#8220;left&#8220; use_border_color=&#8220;off&#8220; border_color=&#8220;#ffffff&#8220; border_style=&#8220;solid&#8220;]<\/p>\n<p>\u201eFunky River\u201c \u2013 Gemeinsam gegen die Flut<\/p>\n<p>[\/et_pb_text][et_pb_video admin_label=&#8220;\u201eFunky River\u201c \u2013 Gemeinsam gegen die Flut&#8220; src=&#8220;\/wp-content\/uploads\/videos\/Interhelp1.mp4&#8243;] [\/et_pb_video][\/et_pb_column][et_pb_column type=&#8220;1_3&#8243;][et_pb_text admin_label=&#8220;Text&#8220; background_layout=&#8220;light&#8220; text_orientation=&#8220;left&#8220; use_border_color=&#8220;off&#8220; border_color=&#8220;#ffffff&#8220; border_style=&#8220;solid&#8220;]<\/p>\n<p>Interhelp hilft in Japan, Kinder von Fukushima sagen &#8222;Danke!&#8220;<\/p>\n<p>[\/et_pb_text][et_pb_video admin_label=&#8220;Interhelp hilft in Japan, Kinder von Fukushima sagen %22Danke!%22&#8243; src=&#8220;https:\/\/www.youtube.com\/watch?v=WGI3RvKqEjU&amp;feature=youtu.be&#8220;] [\/et_pb_video][\/et_pb_column][et_pb_column type=&#8220;1_3&#8243;][et_pb_text admin_label=&#8220;Text&#8220; background_layout=&#8220;light&#8220; text_orientation=&#8220;left&#8220; use_border_color=&#8220;off&#8220; border_color=&#8220;#ffffff&#8220; border_style=&#8220;solid&#8220;]<\/p>\n<p>Werder wird zum \u201eFunky Island\u201c<\/p>\n<p>[\/et_pb_text][et_pb_video admin_label=&#8220;Werder wird zum \u201eFunky Island\u201c&#8220; src=&#8220;\/wp-content\/uploads\/videos\/Interhelp2.mp4&#8243;] [\/et_pb_video][\/et_pb_column][\/et_pb_row][et_pb_row admin_label=&#8220;Zeile&#8220;][et_pb_column type=&#8220;1_3&#8243;][et_pb_video admin_label=&#8220;%22Blagodarj\u00e0 mn\u00f2go &#8211; vielen Dank!%22 Interhelp hilft Not leidenden Senioren in Bulgarien &#8220; src=&#8220;\/wp-content\/uploads\/videos\/interhelp_senioren_bulg.mp4&#8243;] [\/et_pb_video][et_pb_text admin_label=&#8220;Text&#8220; background_layout=&#8220;light&#8220; text_orientation=&#8220;left&#8220; use_border_color=&#8220;off&#8220; border_color=&#8220;#ffffff&#8220; border_style=&#8220;solid&#8220;]<\/p>\n<p>&#8222;Blagodarj\u00e0 mn\u00f2go \u0096 thank you so much!&#8220; Interhelp\u0092s senior citizens\u0092 project in Bulgaria<\/p>\n<p>[\/et_pb_text][\/et_pb_column][et_pb_column type=&#8220;1_3&#8243;][et_pb_video admin_label=&#8220;Die Katastrophe auf Sri Lanka (Teil 1)&#8220; src=&#8220;\/wp-content\/uploads\/videos\/Srilanka_Teil1.mp4&#8243;] [\/et_pb_video][et_pb_text admin_label=&#8220;Text&#8220; background_layout=&#8220;light&#8220; text_orientation=&#8220;left&#8220; use_border_color=&#8220;off&#8220; border_color=&#8220;#ffffff&#8220; border_style=&#8220;solid&#8220;]<\/p>\n<p>The catastrophe on Sri Lanka (Part 1)<\/p>\n<p>[\/et_pb_text][\/et_pb_column][et_pb_column type=&#8220;1_3&#8243;][et_pb_video admin_label=&#8220;Hamelner erkunden die Lage auf Sri Lanka (Teil 2)&#8220; src=&#8220;\/wp-content\/uploads\/videos\/hm-py-hilft24.mp4&#8243;] [\/et_pb_video][et_pb_text admin_label=&#8220;Text&#8220; background_layout=&#8220;light&#8220; text_orientation=&#8220;left&#8220; use_border_color=&#8220;off&#8220; border_color=&#8220;#ffffff&#8220; border_style=&#8220;solid&#8220;]<\/p>\n<p>Hameln party explore situation on Sri Lanka (Part 2)<\/p>\n<p>[\/et_pb_text][\/et_pb_column][\/et_pb_row][et_pb_row admin_label=&#8220;Zeile&#8220;][et_pb_column type=&#8220;1_3&#8243;][et_pb_video admin_label=&#8220;sri-lanka2.mp4&#8243; src=&#8220;\/wp-content\/uploads\/videos\/sri-lanka2.mp4&#8243;] [\/et_pb_video][et_pb_text admin_label=&#8220;Text&#8220; background_layout=&#8220;light&#8220; text_orientation=&#8220;left&#8220; use_border_color=&#8220;off&#8220; border_color=&#8220;#ffffff&#8220; border_style=&#8220;solid&#8220;]<\/p>\n<p>&#8222;Hameln Hospital&#8220; on Sri Lanka (Part 3)<\/p>\n<p>[\/et_pb_text][\/et_pb_column][et_pb_column type=&#8220;1_3&#8243;][et_pb_video admin_label=&#8220;\u00dcbergabe der Flutopfer-H\u00e4user auf Sri Lanka (Teil 4) &#8220; src=&#8220;\/wp-content\/uploads\/videos\/Srilanka_lowres_neu.mp4&#8243;] [\/et_pb_video][et_pb_text admin_label=&#8220;Text&#8220; background_layout=&#8220;light&#8220; text_orientation=&#8220;left&#8220; use_border_color=&#8220;off&#8220; border_color=&#8220;#ffffff&#8220; border_style=&#8220;solid&#8220;]<\/p>\n<p>Handing over houses for victims of flood on Sri Lanka (Part 4)<\/p>\n<p>[\/et_pb_text][\/et_pb_column][et_pb_column type=&#8220;1_3&#8243;][et_pb_video admin_label=&#8220;Tr\u00e4nen der Freude in Indien (Teil 5)&#8220; src=&#8220;\/wp-content\/uploads\/videos\/Indien_lowres_neu.mp4&#8243;] [\/et_pb_video][et_pb_text admin_label=&#8220;Text&#8220; background_layout=&#8220;light&#8220; text_orientation=&#8220;left&#8220; use_border_color=&#8220;off&#8220; border_color=&#8220;#ffffff&#8220; border_style=&#8220;solid&#8220;]<\/p>\n<p>Tears of joy in India (Part 5)<\/p>\n<p>[\/et_pb_text][\/et_pb_column][\/et_pb_row][\/et_pb_section]<\/p>\n","protected":false},"excerpt":{"rendered":"<p>Video IRPIN TV Pravda TUT Menschenhandel &#8211; Politiker auf Ursachensuche F\u00fcrst zu Schaumburg-Lippe berichtet von Charity-Reise nach Sri Lanka &#8222;Mission der Menschlichkeit&#8220;: Ehrenamtliche \u00c4rzte behandeln Migranten F\u00fcrst Alexander zu Schaumburg-Lippe als Schirmherr von Interhelp Hilfe aus Hameln 725-j\u00e4hriges Jubil\u00e4um \u201eFunky River\u201c \u2013 Gemeinsam gegen die Flut Interhelp hilft in Japan, Kinder von Fukushima sagen &#8222;Danke!&#8220; [&hellip;]<\/p>\n","protected":false},"author":1,"featured_media":0,"parent":0,"menu_order":0,"comment_status":"closed","ping_status":"closed","template":"","meta":{"_et_pb_use_builder":"on","_et_pb_old_content":"","_et_gb_content_width":"","footnotes":""},"class_list":["post-89","page","type-page","status-publish","hentry"],"_links":{"self":[{"href":"https:\/\/www.interhelp.info\/en\/wp-json\/wp\/v2\/pages\/89","targetHints":{"allow":["GET"]}}],"collection":[{"href":"https:\/\/www.interhelp.info\/en\/wp-json\/wp\/v2\/pages"}],"about":[{"href":"https:\/\/www.interhelp.info\/en\/wp-json\/wp\/v2\/types\/page"}],"author":[{"embeddable":true,"href":"https:\/\/www.interhelp.info\/en\/wp-json\/wp\/v2\/users\/1"}],"replies":[{"embeddable":true,"href":"https:\/\/www.interhelp.info\/en\/wp-json\/wp\/v2\/comments?post=89"}],"version-history":[{"count":6,"href":"https:\/\/www.interhelp.info\/en\/wp-json\/wp\/v2\/pages\/89\/revisions"}],"predecessor-version":[{"id":323,"href":"https:\/\/www.interhelp.info\/en\/wp-json\/wp\/v2\/pages\/89\/revisions\/323"}],"wp:attachment":[{"href":"https:\/\/www.interhelp.info\/en\/wp-json\/wp\/v2\/media?parent=89"}],"curies":[{"name":"wp","href":"https:\/\/api.w.org\/{rel}","templated":true}]}}