{"id":83,"date":"2017-01-26T15:08:29","date_gmt":"2017-01-26T14:08:29","guid":{"rendered":"http:\/\/wp12759690.server-he.de\/en\/?page_id=83"},"modified":"2017-01-31T15:55:18","modified_gmt":"2017-01-31T14:55:18","slug":"patron","status":"publish","type":"page","link":"https:\/\/www.interhelp.info\/en\/patron\/","title":{"rendered":"Patron"},"content":{"rendered":"<p>[et_pb_section admin_label=&#8220;section&#8220;][et_pb_row admin_label=&#8220;row&#8220;][et_pb_column type=&#8220;4_4&#8243;][et_pb_text admin_label=&#8220;Text&#8220; background_layout=&#8220;light&#8220; text_orientation=&#8220;left&#8220; use_border_color=&#8220;off&#8220; border_color=&#8220;#ffffff&#8220; border_style=&#8220;solid&#8220;]<\/p>\n<h1>Patron<\/h1>\n<p>[\/et_pb_text][\/et_pb_column][\/et_pb_row][et_pb_row admin_label=&#8220;Zeile&#8220;][et_pb_column type=&#8220;1_2&#8243;][et_pb_image admin_label=&#8220;Bild&#8220; src=&#8220;https:\/\/www.interhelp.info\/en\/wp-content\/uploads\/sites\/2\/2017\/01\/kleinBrauer_SchaumburgLippe0021.jpg&#8220; show_in_lightbox=&#8220;off&#8220; url_new_window=&#8220;off&#8220; use_overlay=&#8220;off&#8220; animation=&#8220;off&#8220; sticky=&#8220;off&#8220; align=&#8220;center&#8220; force_fullwidth=&#8220;off&#8220; always_center_on_mobile=&#8220;on&#8220; use_border_color=&#8220;off&#8220; border_color=&#8220;#ffffff&#8220; border_style=&#8220;solid&#8220;] [\/et_pb_image][et_pb_text admin_label=&#8220;Text&#8220; background_layout=&#8220;light&#8220; text_orientation=&#8220;center&#8220; use_border_color=&#8220;off&#8220; border_color=&#8220;#ffffff&#8220; border_style=&#8220;solid&#8220;]<\/p>\n<p><span class=\"klein\">The patron: Prince Alexander of Schaumburg-Lippe<\/span><\/p>\n<p>[\/et_pb_text][\/et_pb_column][et_pb_column type=&#8220;1_2&#8243;][et_pb_image admin_label=&#8220;Bild&#8220; src=&#8220;https:\/\/www.interhelp.info\/en\/wp-content\/uploads\/sites\/2\/2017\/01\/kleinDSC_9177.jpg&#8220; show_in_lightbox=&#8220;off&#8220; url_new_window=&#8220;off&#8220; use_overlay=&#8220;off&#8220; animation=&#8220;off&#8220; sticky=&#8220;off&#8220; align=&#8220;center&#8220; force_fullwidth=&#8220;off&#8220; always_center_on_mobile=&#8220;on&#8220; use_border_color=&#8220;off&#8220; border_color=&#8220;#ffffff&#8220; border_style=&#8220;solid&#8220;] [\/et_pb_image][et_pb_text admin_label=&#8220;Text&#8220; background_layout=&#8220;light&#8220; text_orientation=&#8220;center&#8220; use_border_color=&#8220;off&#8220; border_color=&#8220;#ffffff&#8220; border_style=&#8220;solid&#8220;]<\/p>\n<p><span class=\"klein\">The patron greets Ursula von der Leyen, Federal Minister for Family Policy<\/span><\/p>\n<p>[\/et_pb_text][\/et_pb_column][\/et_pb_row][et_pb_row admin_label=&#8220;Zeile&#8220;][et_pb_column type=&#8220;4_4&#8243;][et_pb_text admin_label=&#8220;Text&#8220; background_layout=&#8220;light&#8220; text_orientation=&#8220;left&#8220; use_border_color=&#8220;off&#8220; border_color=&#8220;#ffffff&#8220; border_style=&#8220;solid&#8220;]<\/p>\n<p>Prince Alexander of Schaumburg-Lippe has been the patron of the German Society for International Aid since 11 March 2006. This is the second patronage which the lawyer and owner of the \u0093F\u00fcrstliche Hofkammer\u0094, property located in B\u00fcckeburg, has taken upon himself. Since 8 September 2002 the head of the Schaumburg-Lippe dynasty has also been closely involved in the successful relief campaign \u0093Children in Need\u0094, run by the Deister- und Weser Zeitung and the Hameln-Pyrmont District Association of the German Red Cross. His charity projects are very important to him. In June 2006, the \u0093Nobilis\u0094 magazine quoted him as saying:\u0094I\u0092ll personally see to the fundraising. Some top-class donators have given me their promise already, so there\u0092s tremendous motivation to carry on at full speed. One of my advantages is being able to make contacts relatively easily because of my international network \u0096 and if I can use them for charitable purposes, that\u0092s what makes me happiest.\u0094<\/p>\n<p>The Prince stands for a totally new form of patronage: \u0093I want to take an active part and know what I\u0092m talking about, which is why I\u0092ll go personally to the catastrophe areas and offer my help and that of my friends one-on-one, from person to person.\u0094<\/p>\n<p>Prince Alexander would like to ask you for donations:\u0094Please help us to help! Save someone\u0092s life, with us. Every euro helps!\u0094<\/p>\n<p>Contakt: <a href=\"mailto:g.schoenbeck@hofkammer-bueckeburg.de\">g.schoenbeck@hofkammer-bueckeburg.de<\/a><\/p>\n<p>[\/et_pb_text][\/et_pb_column][\/et_pb_row][et_pb_row admin_label=&#8220;Zeile&#8220;][et_pb_column type=&#8220;1_2&#8243;][et_pb_image admin_label=&#8220;Bild&#8220; src=&#8220;https:\/\/www.interhelp.info\/en\/wp-content\/uploads\/sites\/2\/2017\/01\/schirmherr-e-1.jpg&#8220; show_in_lightbox=&#8220;off&#8220; url_new_window=&#8220;off&#8220; use_overlay=&#8220;off&#8220; animation=&#8220;off&#8220; sticky=&#8220;off&#8220; align=&#8220;center&#8220; force_fullwidth=&#8220;off&#8220; always_center_on_mobile=&#8220;on&#8220; use_border_color=&#8220;off&#8220; border_color=&#8220;#ffffff&#8220; border_style=&#8220;solid&#8220;] [\/et_pb_image][et_pb_text admin_label=&#8220;Text&#8220; background_layout=&#8220;light&#8220; text_orientation=&#8220;center&#8220; use_border_color=&#8220;off&#8220; border_color=&#8220;#ffffff&#8220; border_style=&#8220;solid&#8220;]<\/p>\n<p><span class=\"klein\">The patron: Prince Alexander of Schaumburg-Lippe<\/span><\/p>\n<p>[\/et_pb_text][\/et_pb_column][et_pb_column type=&#8220;1_2&#8243;][et_pb_image admin_label=&#8220;Bild&#8220; src=&#8220;https:\/\/www.interhelp.info\/en\/wp-content\/uploads\/sites\/2\/2017\/01\/aDSC_9126.jpg&#8220; show_in_lightbox=&#8220;off&#8220; url_new_window=&#8220;off&#8220; use_overlay=&#8220;off&#8220; animation=&#8220;off&#8220; sticky=&#8220;off&#8220; align=&#8220;center&#8220; force_fullwidth=&#8220;off&#8220; always_center_on_mobile=&#8220;on&#8220; use_border_color=&#8220;off&#8220; border_color=&#8220;#ffffff&#8220; border_style=&#8220;solid&#8220;] [\/et_pb_image][et_pb_text admin_label=&#8220;Text&#8220; background_layout=&#8220;light&#8220; text_orientation=&#8220;center&#8220; use_border_color=&#8220;off&#8220; border_color=&#8220;#ffffff&#8220; border_style=&#8220;solid&#8220;]<\/p>\n<p><span class=\"klein\">Mehmet G\u00fcrcan Daimag\u00fcler, Baron Ernst of M\u00fcnchhausen, US Ambasador William Timken with his wife Sue, Ulrich Behmann, Prince Alexander of Schaumburg-Lippe <\/span><\/p>\n<p>[\/et_pb_text][\/et_pb_column][\/et_pb_row][\/et_pb_section]<\/p>\n","protected":false},"excerpt":{"rendered":"<p>Patron The patron: Prince Alexander of Schaumburg-Lippe The patron greets Ursula von der Leyen, Federal Minister for Family Policy Prince Alexander of Schaumburg-Lippe has been the patron of the German Society for International Aid since 11 March 2006. This is the second patronage which the lawyer and owner of the \u0093F\u00fcrstliche Hofkammer\u0094, property located in [&hellip;]<\/p>\n","protected":false},"author":1,"featured_media":0,"parent":0,"menu_order":0,"comment_status":"closed","ping_status":"closed","template":"","meta":{"_et_pb_use_builder":"on","_et_pb_old_content":"","_et_gb_content_width":"","footnotes":""},"class_list":["post-83","page","type-page","status-publish","hentry"],"_links":{"self":[{"href":"https:\/\/www.interhelp.info\/en\/wp-json\/wp\/v2\/pages\/83","targetHints":{"allow":["GET"]}}],"collection":[{"href":"https:\/\/www.interhelp.info\/en\/wp-json\/wp\/v2\/pages"}],"about":[{"href":"https:\/\/www.interhelp.info\/en\/wp-json\/wp\/v2\/types\/page"}],"author":[{"embeddable":true,"href":"https:\/\/www.interhelp.info\/en\/wp-json\/wp\/v2\/users\/1"}],"replies":[{"embeddable":true,"href":"https:\/\/www.interhelp.info\/en\/wp-json\/wp\/v2\/comments?post=83"}],"version-history":[{"count":5,"href":"https:\/\/www.interhelp.info\/en\/wp-json\/wp\/v2\/pages\/83\/revisions"}],"predecessor-version":[{"id":186,"href":"https:\/\/www.interhelp.info\/en\/wp-json\/wp\/v2\/pages\/83\/revisions\/186"}],"wp:attachment":[{"href":"https:\/\/www.interhelp.info\/en\/wp-json\/wp\/v2\/media?parent=83"}],"curies":[{"name":"wp","href":"https:\/\/api.w.org\/{rel}","templated":true}]}}